{"id":148,"date":"2023-07-06T15:41:16","date_gmt":"2023-07-06T19:41:16","guid":{"rendered":"https:\/\/perfumesfactory.com\/ve\/?page_id=148"},"modified":"2025-04-09T10:55:30","modified_gmt":"2025-04-09T14:55:30","slug":"linea_power","status":"publish","type":"page","link":"https:\/\/www.perfumesfactory.com\/ve\/linea_power\/","title":{"rendered":"linea_power"},"content":{"rendered":"\t\t<div data-elementor-type=\"wp-page\" data-elementor-id=\"148\" class=\"elementor elementor-148\" data-elementor-post-type=\"page\">\n\t\t\t\t<div class=\"elementor-element elementor-element-8c83360 e-flex e-con-boxed e-con e-parent\" data-id=\"8c83360\" data-element_type=\"container\" data-e-type=\"container\">\n\t\t\t\t\t<div class=\"e-con-inner\">\n\t\t<div class=\"elementor-element elementor-element-5b48297 e-con-full e-flex e-con e-child\" data-id=\"5b48297\" data-element_type=\"container\" data-e-type=\"container\">\n\t\t\t\t<div class=\"elementor-element elementor-element-0bc928d elementor-widget elementor-widget-image\" data-id=\"0bc928d\" data-element_type=\"widget\" data-e-type=\"widget\" data-widget_type=\"image.default\">\n\t\t\t\t<div class=\"elementor-widget-container\">\n\t\t\t\t\t\t\t\t\t\t\t\t\t\t\t<img fetchpriority=\"high\" decoding=\"async\" width=\"1024\" height=\"301\" src=\"https:\/\/i0.wp.com\/www.perfumesfactory.com\/ve\/wp-content\/uploads\/2023\/12\/BANNER-WEB-GALAXY.png?fit=1024%2C301&amp;ssl=1\" class=\"attachment-large size-large wp-image-641\" alt=\"\" srcset=\"https:\/\/i0.wp.com\/www.perfumesfactory.com\/ve\/wp-content\/uploads\/2023\/12\/BANNER-WEB-GALAXY.png?w=1700&amp;ssl=1 1700w, https:\/\/i0.wp.com\/www.perfumesfactory.com\/ve\/wp-content\/uploads\/2023\/12\/BANNER-WEB-GALAXY.png?resize=300%2C88&amp;ssl=1 300w, https:\/\/i0.wp.com\/www.perfumesfactory.com\/ve\/wp-content\/uploads\/2023\/12\/BANNER-WEB-GALAXY.png?resize=1024%2C301&amp;ssl=1 1024w, https:\/\/i0.wp.com\/www.perfumesfactory.com\/ve\/wp-content\/uploads\/2023\/12\/BANNER-WEB-GALAXY.png?resize=768%2C226&amp;ssl=1 768w, https:\/\/i0.wp.com\/www.perfumesfactory.com\/ve\/wp-content\/uploads\/2023\/12\/BANNER-WEB-GALAXY.png?resize=1536%2C452&amp;ssl=1 1536w\" sizes=\"(max-width: 1000px) 100vw, 1000px\" \/>\t\t\t\t\t\t\t\t\t\t\t\t\t\t\t<\/div>\n\t\t\t\t<\/div>\n\t\t\t\t<\/div>\n\t\t\t\t\t<\/div>\n\t\t\t\t<\/div>\n\t\t<div class=\"elementor-element elementor-element-cdf1a09 e-flex e-con-boxed e-con e-parent\" data-id=\"cdf1a09\" data-element_type=\"container\" data-e-type=\"container\">\n\t\t\t\t\t<div class=\"e-con-inner\">\n\t\t<div class=\"elementor-element elementor-element-535bd45 e-con-full e-flex e-con e-child\" data-id=\"535bd45\" data-element_type=\"container\" data-e-type=\"container\">\n\t\t\t\t<div class=\"elementor-element elementor-element-385c634 elementor-widget elementor-widget-text-editor\" data-id=\"385c634\" data-element_type=\"widget\" data-e-type=\"widget\" data-widget_type=\"text-editor.default\">\n\t\t\t\t<div class=\"elementor-widget-container\">\n\t\t\t\t\t\t\t\t\t<p>Una versi\u00f3n m\u00e1s accesible con un dise\u00f1o variado inspirado en diversos motivos art\u00edsticos o tendencias del momento.<\/p><p style=\"text-align: center;\">Disponible en presentaciones de 15, 30, 50, 100 ml y una edici\u00f3n especial de 120 ml.<\/p>\t\t\t\t\t\t\t\t<\/div>\n\t\t\t\t<\/div>\n\t\t\t\t<\/div>\n\t\t\t\t\t<\/div>\n\t\t\t\t<\/div>\n\t\t<div class=\"elementor-element elementor-element-cdb5c66 e-flex e-con-boxed e-con e-parent\" data-id=\"cdb5c66\" data-element_type=\"container\" data-e-type=\"container\">\n\t\t\t\t\t<div class=\"e-con-inner\">\n\t\t\t\t<div class=\"elementor-element elementor-element-1f5fd11 elementor-align-center elementor-widget elementor-widget-button\" data-id=\"1f5fd11\" data-element_type=\"widget\" data-e-type=\"widget\" data-widget_type=\"button.default\">\n\t\t\t\t<div class=\"elementor-widget-container\">\n\t\t\t\t\t\t\t\t\t<div class=\"elementor-button-wrapper\">\n\t\t\t\t\t<a class=\"elementor-button elementor-button-link elementor-size-sm elementor-animation-grow\" href=\"#elementor-action%3Aaction%3Dpopup%3Aopen%26settings%3DeyJpZCI6IjMwNyIsInRvZ2dsZSI6ZmFsc2V9\">\n\t\t\t\t\t\t<span class=\"elementor-button-content-wrapper\">\n\t\t\t\t\t\t\t\t\t<span class=\"elementor-button-text\">Precio<\/span>\n\t\t\t\t\t<\/span>\n\t\t\t\t\t<\/a>\n\t\t\t\t<\/div>\n\t\t\t\t\t\t\t\t<\/div>\n\t\t\t\t<\/div>\n\t\t\t\t\t<\/div>\n\t\t\t\t<\/div>\n\t\t\t\t<\/div>\n\t\t","protected":false},"excerpt":{"rendered":"<p>Una versi\u00f3n m\u00e1s accesible con un dise\u00f1o variado inspirado en diversos motivos art\u00edsticos o tendencias del momento. Disponible en presentaciones de 15, 30, 50, 100 ml y una edici\u00f3n especial de 120 ml. Precio<\/p>\n","protected":false},"author":1,"featured_media":0,"parent":0,"menu_order":0,"comment_status":"closed","ping_status":"closed","template":"","meta":{"nf_dc_page":"","_eb_attr":"","om_disable_all_campaigns":false,"footnotes":""},"class_list":["post-148","page","type-page","status-publish","hentry"],"jetpack_sharing_enabled":true,"_links":{"self":[{"href":"https:\/\/www.perfumesfactory.com\/ve\/wp-json\/wp\/v2\/pages\/148","targetHints":{"allow":["GET"]}}],"collection":[{"href":"https:\/\/www.perfumesfactory.com\/ve\/wp-json\/wp\/v2\/pages"}],"about":[{"href":"https:\/\/www.perfumesfactory.com\/ve\/wp-json\/wp\/v2\/types\/page"}],"author":[{"embeddable":true,"href":"https:\/\/www.perfumesfactory.com\/ve\/wp-json\/wp\/v2\/users\/1"}],"replies":[{"embeddable":true,"href":"https:\/\/www.perfumesfactory.com\/ve\/wp-json\/wp\/v2\/comments?post=148"}],"version-history":[{"count":20,"href":"https:\/\/www.perfumesfactory.com\/ve\/wp-json\/wp\/v2\/pages\/148\/revisions"}],"predecessor-version":[{"id":1068,"href":"https:\/\/www.perfumesfactory.com\/ve\/wp-json\/wp\/v2\/pages\/148\/revisions\/1068"}],"wp:attachment":[{"href":"https:\/\/www.perfumesfactory.com\/ve\/wp-json\/wp\/v2\/media?parent=148"}],"curies":[{"name":"wp","href":"https:\/\/api.w.org\/{rel}","templated":true}]}}