{"id":295,"date":"2023-07-12T08:13:00","date_gmt":"2023-07-12T12:13:00","guid":{"rendered":"https:\/\/perfumesfactory.com\/ve\/?page_id=295"},"modified":"2023-12-05T09:37:46","modified_gmt":"2023-12-05T13:37:46","slug":"empresa-2","status":"publish","type":"page","link":"https:\/\/www.perfumesfactory.com\/ve\/empresa-2\/","title":{"rendered":"Empresa"},"content":{"rendered":"\t\t<div data-elementor-type=\"wp-page\" data-elementor-id=\"295\" class=\"elementor elementor-295\" data-elementor-post-type=\"page\">\n\t\t\t\t<div class=\"elementor-element elementor-element-713cabe e-con-full e-flex e-con e-parent\" data-id=\"713cabe\" data-element_type=\"container\" data-e-type=\"container\">\n\t\t\t\t<div class=\"elementor-element elementor-element-803d6f8 elementor-widget elementor-widget-image\" data-id=\"803d6f8\" data-element_type=\"widget\" data-e-type=\"widget\" data-widget_type=\"image.default\">\n\t\t\t\t<div class=\"elementor-widget-container\">\n\t\t\t\t\t\t\t\t\t\t\t\t\t\t\t<img fetchpriority=\"high\" decoding=\"async\" width=\"1024\" height=\"301\" src=\"https:\/\/i0.wp.com\/www.perfumesfactory.com\/ve\/wp-content\/uploads\/2023\/12\/CINTILLO-1.png?fit=1024%2C301&amp;ssl=1\" class=\"attachment-large size-large wp-image-549\" alt=\"\" srcset=\"https:\/\/i0.wp.com\/www.perfumesfactory.com\/ve\/wp-content\/uploads\/2023\/12\/CINTILLO-1.png?w=3542&amp;ssl=1 3542w, https:\/\/i0.wp.com\/www.perfumesfactory.com\/ve\/wp-content\/uploads\/2023\/12\/CINTILLO-1.png?resize=300%2C88&amp;ssl=1 300w, https:\/\/i0.wp.com\/www.perfumesfactory.com\/ve\/wp-content\/uploads\/2023\/12\/CINTILLO-1.png?resize=1024%2C301&amp;ssl=1 1024w, https:\/\/i0.wp.com\/www.perfumesfactory.com\/ve\/wp-content\/uploads\/2023\/12\/CINTILLO-1.png?resize=768%2C226&amp;ssl=1 768w, https:\/\/i0.wp.com\/www.perfumesfactory.com\/ve\/wp-content\/uploads\/2023\/12\/CINTILLO-1.png?resize=1536%2C451&amp;ssl=1 1536w, https:\/\/i0.wp.com\/www.perfumesfactory.com\/ve\/wp-content\/uploads\/2023\/12\/CINTILLO-1.png?resize=2048%2C602&amp;ssl=1 2048w, https:\/\/i0.wp.com\/www.perfumesfactory.com\/ve\/wp-content\/uploads\/2023\/12\/CINTILLO-1.png?w=3000&amp;ssl=1 3000w\" sizes=\"(max-width: 1000px) 100vw, 1000px\" \/>\t\t\t\t\t\t\t\t\t\t\t\t\t\t\t<\/div>\n\t\t\t\t<\/div>\n\t\t\t\t<\/div>\n\t\t<div class=\"elementor-element elementor-element-bd9f5e3 e-flex e-con-boxed e-con e-parent\" data-id=\"bd9f5e3\" data-element_type=\"container\" data-e-type=\"container\">\n\t\t\t\t\t<div class=\"e-con-inner\">\n\t\t<div class=\"elementor-element elementor-element-1889b54 e-con-full e-flex e-con e-child\" data-id=\"1889b54\" data-element_type=\"container\" data-e-type=\"container\">\n\t\t\t\t<div class=\"elementor-element elementor-element-a163d3f elementor-widget elementor-widget-image\" data-id=\"a163d3f\" data-element_type=\"widget\" data-e-type=\"widget\" data-widget_type=\"image.default\">\n\t\t\t\t<div class=\"elementor-widget-container\">\n\t\t\t\t\t\t\t\t\t\t\t\t\t\t\t<img decoding=\"async\" width=\"694\" height=\"1500\" src=\"https:\/\/i0.wp.com\/www.perfumesfactory.com\/ve\/wp-content\/uploads\/2023\/07\/banner-empresa-2-1.png?fit=694%2C1500&amp;ssl=1\" class=\"attachment-full size-full wp-image-298\" alt=\"\" srcset=\"https:\/\/i0.wp.com\/www.perfumesfactory.com\/ve\/wp-content\/uploads\/2023\/07\/banner-empresa-2-1.png?w=694&amp;ssl=1 694w, https:\/\/i0.wp.com\/www.perfumesfactory.com\/ve\/wp-content\/uploads\/2023\/07\/banner-empresa-2-1.png?resize=139%2C300&amp;ssl=1 139w, https:\/\/i0.wp.com\/www.perfumesfactory.com\/ve\/wp-content\/uploads\/2023\/07\/banner-empresa-2-1.png?resize=474%2C1024&amp;ssl=1 474w\" sizes=\"(max-width: 694px) 100vw, 694px\" \/>\t\t\t\t\t\t\t\t\t\t\t\t\t\t\t<\/div>\n\t\t\t\t<\/div>\n\t\t\t\t<\/div>\n\t\t<div class=\"elementor-element elementor-element-f6aa58a e-con-full e-flex e-con e-child\" data-id=\"f6aa58a\" data-element_type=\"container\" data-e-type=\"container\">\n\t\t\t\t<div class=\"elementor-element elementor-element-350cbde elementor-widget elementor-widget-text-editor\" data-id=\"350cbde\" data-element_type=\"widget\" data-e-type=\"widget\" data-widget_type=\"text-editor.default\">\n\t\t\t\t<div class=\"elementor-widget-container\">\n\t\t\t\t\t\t\t\t\t<p><strong>Qui\u00e9nes somos<\/strong><\/p><p>Somos una franquicia internacional, con un innovador concepto, pionero y \u00fanico en su estilo. Enfocado principalmente en complacer las necesidades del consumidor, ofreciendo perfumes con estilo y calidad que vayan a tono con su dinamismo y forma de vida, adapt\u00e1ndonos a sus exigencias.<\/p><p>En la actualidad, Perfumes Factory cuenta con m\u00e1s de 300 franquicias en Venezuela, Colombia, Panam\u00e1, Per\u00fa, Rep\u00fablica Dominica y Ecuador.<\/p><p>Nuestro crecimiento se debe a la excelencia de los productos, los cuales tienen el sello de exclusividad de la compa\u00f1\u00eda. Es as\u00ed como nos incorporamos a la cotidianidad de los usuarios y trabajamos arduamente, d\u00eda a d\u00eda, para brindar lo mejor en materia de cuidado personal.<\/p><p class=\"MsoNormal\"><strong>Visi\u00f3n<\/strong><\/p><p class=\"MsoNormal\">Ser y ser reconocidos como la mejor alternativa de<br \/>perfumer\u00eda en todo el pa\u00eds.<\/p><p class=\"MsoNormal\"><strong>Misi\u00f3n<\/strong><\/p><p class=\"MsoNormal\">Alcanzar todos los hogares venezolanos ofreciendo productos<br \/>de perfumer\u00eda de la m\u00e1s alta calidad del mercado.<\/p>\t\t\t\t\t\t\t\t<\/div>\n\t\t\t\t<\/div>\n\t\t\t\t<\/div>\n\t\t\t\t\t<\/div>\n\t\t\t\t<\/div>\n\t\t<div class=\"elementor-element elementor-element-f9c6be0 e-flex e-con-boxed e-con e-parent\" data-id=\"f9c6be0\" data-element_type=\"container\" data-e-type=\"container\">\n\t\t\t\t\t<div class=\"e-con-inner\">\n\t\t\t\t<div class=\"elementor-element elementor-element-03b10d7 elementor-widget elementor-widget-image\" data-id=\"03b10d7\" data-element_type=\"widget\" data-e-type=\"widget\" data-widget_type=\"image.default\">\n\t\t\t\t<div class=\"elementor-widget-container\">\n\t\t\t\t\t\t\t\t\t\t\t\t\t\t\t<img decoding=\"async\" width=\"1024\" height=\"150\" src=\"https:\/\/i0.wp.com\/www.perfumesfactory.com\/ve\/wp-content\/uploads\/2023\/12\/CINTILLO-2.png?fit=1024%2C150&amp;ssl=1\" class=\"attachment-large size-large wp-image-548\" alt=\"\" srcset=\"https:\/\/i0.wp.com\/www.perfumesfactory.com\/ve\/wp-content\/uploads\/2023\/12\/CINTILLO-2.png?w=3542&amp;ssl=1 3542w, https:\/\/i0.wp.com\/www.perfumesfactory.com\/ve\/wp-content\/uploads\/2023\/12\/CINTILLO-2.png?resize=300%2C44&amp;ssl=1 300w, https:\/\/i0.wp.com\/www.perfumesfactory.com\/ve\/wp-content\/uploads\/2023\/12\/CINTILLO-2.png?resize=1024%2C150&amp;ssl=1 1024w, https:\/\/i0.wp.com\/www.perfumesfactory.com\/ve\/wp-content\/uploads\/2023\/12\/CINTILLO-2.png?resize=768%2C113&amp;ssl=1 768w, https:\/\/i0.wp.com\/www.perfumesfactory.com\/ve\/wp-content\/uploads\/2023\/12\/CINTILLO-2.png?resize=1536%2C225&amp;ssl=1 1536w, https:\/\/i0.wp.com\/www.perfumesfactory.com\/ve\/wp-content\/uploads\/2023\/12\/CINTILLO-2.png?resize=2048%2C301&amp;ssl=1 2048w, https:\/\/i0.wp.com\/www.perfumesfactory.com\/ve\/wp-content\/uploads\/2023\/12\/CINTILLO-2.png?w=3000&amp;ssl=1 3000w\" sizes=\"(max-width: 1000px) 100vw, 1000px\" \/>\t\t\t\t\t\t\t\t\t\t\t\t\t\t\t<\/div>\n\t\t\t\t<\/div>\n\t\t\t\t\t<\/div>\n\t\t\t\t<\/div>\n\t\t\t\t<\/div>\n\t\t","protected":false},"excerpt":{"rendered":"<p>Qui\u00e9nes somos Somos una franquicia internacional, con un innovador concepto, pionero y \u00fanico en su estilo. Enfocado principalmente en complacer las necesidades del consumidor, ofreciendo perfumes con estilo y calidad que vayan a tono con su dinamismo y forma de vida, adapt\u00e1ndonos a sus exigencias. En la actualidad, Perfumes Factory cuenta con m\u00e1s de 300 [&hellip;]<\/p>\n","protected":false},"author":1,"featured_media":0,"parent":0,"menu_order":0,"comment_status":"closed","ping_status":"closed","template":"","meta":{"nf_dc_page":"","_eb_attr":"","om_disable_all_campaigns":false,"footnotes":""},"class_list":["post-295","page","type-page","status-publish","hentry"],"jetpack_sharing_enabled":true,"_links":{"self":[{"href":"https:\/\/www.perfumesfactory.com\/ve\/wp-json\/wp\/v2\/pages\/295","targetHints":{"allow":["GET"]}}],"collection":[{"href":"https:\/\/www.perfumesfactory.com\/ve\/wp-json\/wp\/v2\/pages"}],"about":[{"href":"https:\/\/www.perfumesfactory.com\/ve\/wp-json\/wp\/v2\/types\/page"}],"author":[{"embeddable":true,"href":"https:\/\/www.perfumesfactory.com\/ve\/wp-json\/wp\/v2\/users\/1"}],"replies":[{"embeddable":true,"href":"https:\/\/www.perfumesfactory.com\/ve\/wp-json\/wp\/v2\/comments?post=295"}],"version-history":[{"count":5,"href":"https:\/\/www.perfumesfactory.com\/ve\/wp-json\/wp\/v2\/pages\/295\/revisions"}],"predecessor-version":[{"id":558,"href":"https:\/\/www.perfumesfactory.com\/ve\/wp-json\/wp\/v2\/pages\/295\/revisions\/558"}],"wp:attachment":[{"href":"https:\/\/www.perfumesfactory.com\/ve\/wp-json\/wp\/v2\/media?parent=295"}],"curies":[{"name":"wp","href":"https:\/\/api.w.org\/{rel}","templated":true}]}}